{"id":92,"date":"2020-07-15T21:44:56","date_gmt":"2020-07-15T21:44:56","guid":{"rendered":"https:\/\/anjakrafczyk.de\/?page_id=92"},"modified":"2020-07-23T14:21:31","modified_gmt":"2020-07-23T14:21:31","slug":"creativity-pool","status":"publish","type":"page","link":"https:\/\/anjakrafczyk.de\/?page_id=92","title":{"rendered":"Creative Bodywork"},"content":{"rendered":"\n<p>by Anja Krafczyk<\/p>\n\n\n\n<p>&nbsp; ..&nbsp; Seite im Aufbau&#8230;<\/p>\n\n\n\n<figure class=\"wp-block-image size-large\"><img loading=\"lazy\" decoding=\"async\" width=\"724\" height=\"1024\" src=\"https:\/\/anjakrafczyk.de\/wp-content\/uploads\/2020\/07\/2020_creativeboddywork_front-724x1024.png\" alt=\"\" class=\"wp-image-95\" srcset=\"https:\/\/anjakrafczyk.de\/wp-content\/uploads\/2020\/07\/2020_creativeboddywork_front-724x1024.png 724w, https:\/\/anjakrafczyk.de\/wp-content\/uploads\/2020\/07\/2020_creativeboddywork_front-212x300.png 212w, https:\/\/anjakrafczyk.de\/wp-content\/uploads\/2020\/07\/2020_creativeboddywork_front-768x1086.png 768w, https:\/\/anjakrafczyk.de\/wp-content\/uploads\/2020\/07\/2020_creativeboddywork_front-1086x1536.png 1086w, https:\/\/anjakrafczyk.de\/wp-content\/uploads\/2020\/07\/2020_creativeboddywork_front.png 1232w\" sizes=\"auto, (max-width: 724px) 100vw, 724px\" \/><\/figure>\n\n\n\n<figure class=\"wp-block-image size-large\"><img loading=\"lazy\" decoding=\"async\" width=\"724\" height=\"1024\" src=\"https:\/\/anjakrafczyk.de\/wp-content\/uploads\/2020\/07\/2020_creativebodywork_back-1-724x1024.png\" alt=\"\" class=\"wp-image-137\" srcset=\"https:\/\/anjakrafczyk.de\/wp-content\/uploads\/2020\/07\/2020_creativebodywork_back-1-724x1024.png 724w, https:\/\/anjakrafczyk.de\/wp-content\/uploads\/2020\/07\/2020_creativebodywork_back-1-212x300.png 212w, https:\/\/anjakrafczyk.de\/wp-content\/uploads\/2020\/07\/2020_creativebodywork_back-1-768x1086.png 768w, https:\/\/anjakrafczyk.de\/wp-content\/uploads\/2020\/07\/2020_creativebodywork_back-1-1086x1536.png 1086w, https:\/\/anjakrafczyk.de\/wp-content\/uploads\/2020\/07\/2020_creativebodywork_back-1.png 1232w\" sizes=\"auto, (max-width: 724px) 100vw, 724px\" \/><\/figure>\n\n\n\n<p><strong>Download Flyer <a rel=\"noreferrer noopener\" href=\"http:\/\/www.anjakrafczyk.de\/flyer\/2020_creative_bodywork_flyer.pdf\" target=\"_blank\">hier<\/a><\/strong><\/p>\n\n\n\n<div style=\"height:25px\" aria-hidden=\"true\" class=\"wp-block-spacer\"><\/div>\n\n\n\n<hr class=\"wp-block-separator\"\/>\n\n\n\n<p class=\"has-text-align-center\">&#8220;Put the body in motion and the psyche will follow. Put the psyche in motion and it will heal itself.&#8221;<\/p>\n\n\n\n<p class=\"has-text-align-center\">(Gabrielle Roth)<\/p>\n\n\n\n<hr class=\"wp-block-separator\"\/>\n\n\n\n<p class=\"has-text-align-center\">&#8220;Tanz ist Hingabe an die Leidenschaft der Musik&#8221;<\/p>\n\n\n\n<p class=\"has-text-align-center\">(Helga Sch\u00e4ferling, Sozialp\u00e4dagogin)<\/p>\n\n\n\n<hr class=\"wp-block-separator\"\/>\n\n\n\n<p class=\"has-text-align-center\">&#8220;Tanzen ist tr\u00e4umen mit den Beinen.&#8221;<\/p>\n\n\n\n<p class=\"has-text-align-center\">(unbekannt &#8211; aus Finnland)<\/p>\n\n\n\n<hr class=\"wp-block-separator\"\/>\n\n\n\n<p class=\"has-text-align-center\">&#8220;Der Tanz ist das st\u00e4rkste Ausdrucksmittel der menschlichen Seele&#8221;<\/p>\n\n\n\n<p class=\"has-text-align-center\">(Thomas Niederreuther)<\/p>\n\n\n\n<hr class=\"wp-block-separator\"\/>\n\n\n\n<p class=\"has-text-align-center\">&#8220;Im Tanz befreit die Seele den K\u00f6rper vom Geist.&#8221;<\/p>\n\n\n\n<p class=\"has-text-align-center\">(Lisz Hirn, \u00f6ster. Philosophin und K\u00fcnstlerin)<\/p>\n\n\n\n<hr class=\"wp-block-separator\"\/>\n\n\n\n<p class=\"has-text-align-center\">Der K\u00f6rper des T\u00e4nzers ist einfach die leuchtende \u00c4u\u00dferung der Seele.<\/p>\n\n\n\n<p class=\"has-text-align-center\">(Isadora Duncan, T\u00e4nzerin)<\/p>\n\n\n\n<hr class=\"wp-block-separator\"\/>\n","protected":false},"excerpt":{"rendered":"<p>by Anja Krafczyk &nbsp; ..&nbsp; Seite im Aufbau&#8230; Download Flyer hier &#8220;Put the body in motion and the psyche will follow. Put the psyche in motion and it will heal itself.&#8221; (Gabrielle Roth) &#8220;Tanz ist Hingabe an die Leidenschaft der Musik&#8221; (Helga Sch\u00e4ferling, Sozialp\u00e4dagogin) &#8220;Tanzen ist tr\u00e4umen mit den Beinen.&#8221; (unbekannt &#8211; aus Finnland) &#8220;Der [&hellip;]<\/p>\n","protected":false},"author":1,"featured_media":0,"parent":0,"menu_order":0,"comment_status":"closed","ping_status":"closed","template":"","meta":{"footnotes":""},"class_list":["post-92","page","type-page","status-publish","hentry"],"_links":{"self":[{"href":"https:\/\/anjakrafczyk.de\/index.php?rest_route=\/wp\/v2\/pages\/92","targetHints":{"allow":["GET"]}}],"collection":[{"href":"https:\/\/anjakrafczyk.de\/index.php?rest_route=\/wp\/v2\/pages"}],"about":[{"href":"https:\/\/anjakrafczyk.de\/index.php?rest_route=\/wp\/v2\/types\/page"}],"author":[{"embeddable":true,"href":"https:\/\/anjakrafczyk.de\/index.php?rest_route=\/wp\/v2\/users\/1"}],"replies":[{"embeddable":true,"href":"https:\/\/anjakrafczyk.de\/index.php?rest_route=%2Fwp%2Fv2%2Fcomments&post=92"}],"version-history":[{"count":5,"href":"https:\/\/anjakrafczyk.de\/index.php?rest_route=\/wp\/v2\/pages\/92\/revisions"}],"predecessor-version":[{"id":141,"href":"https:\/\/anjakrafczyk.de\/index.php?rest_route=\/wp\/v2\/pages\/92\/revisions\/141"}],"wp:attachment":[{"href":"https:\/\/anjakrafczyk.de\/index.php?rest_route=%2Fwp%2Fv2%2Fmedia&parent=92"}],"curies":[{"name":"wp","href":"https:\/\/api.w.org\/{rel}","templated":true}]}}