{"id":5,"date":"2020-07-01T16:53:09","date_gmt":"2020-07-01T16:53:09","guid":{"rendered":"https:\/\/anjakrafczyk.de\/willkommen-auf-https-anjakrafczyk-de"},"modified":"2023-03-20T20:36:11","modified_gmt":"2023-03-20T20:36:11","slug":"herzlich-willkommen","status":"publish","type":"page","link":"https:\/\/anjakrafczyk.de\/","title":{"rendered":"Herzlich Willkommen"},"content":{"rendered":"\n<h3 class=\"wp-block-heading\" id=\"cc-m-header-9056805685\">Psychologisch | Systemische Beratung, Coaching, Supervision &amp; Training<\/h3>\n\n\n\n<p>Grundst\u00e4ndig ausgebildet in Psychologie und Betriebswirtschaftslehre, besch\u00e4ftige ich mich seit vielen Jahren mit Pr\u00e4vention, psychischer und physischer Gesundheitsf\u00f6rderung, Psychosomatik und K\u00f6rperarbeit, sowie mit verschiedenen Beratungs- und Therapieformen, u.a. systemische Ans\u00e4tze und aus Tanztherapie und Kunsttherapie. Zudem habe ich Erfahrungen in den Bereichen Bildungspsychologie und Hochschuldidaktik,  Arbeits- und Organisationspsychologie sowie Qualit\u00e4tsmanagement. <\/p>\n\n\n\n<p>Der Blick meiner Arbeit richtet sich dabei ganzheitlich und systemisch auf das Verhalten und Erleben des Menschen als Individuum aber auch als Teil seines privaten und beruflichen Umfelds (Familien, Paare, Gruppen, Teams usw.).<\/p>\n\n\n\n<p>So entwickelte sich neben meinem Hauptberuf als wissenschaftliche Mitarbeiterin an einer Hochschule meine nebenberufliche T\u00e4tigkeit im Bereich <strong>Psychologische | Systemische Beratung, Coaching &amp; Supervision<\/strong> sowie als <strong>Trainerin und<\/strong> <strong>Workshopleiterin im Bereich Kommunikationstraining, Emotionsregulation und Stressbew\u00e4ltigung<\/strong>. <\/p>\n\n\n\n<p>Zu meinem Angebot z\u00e4hlen:<\/p>\n\n\n\n<ul class=\"wp-block-list\">\n<li><a href=\"https:\/\/anjakrafczyk.de\/?page_id=78\">Psychologische | Systemische Beratung, Coaching &amp; Supervision, Onlineberatung<\/a><\/li>\n\n\n\n<li><a href=\"https:\/\/anjakrafczyk.de\/?page_id=89\">Entspannungsverfahren<\/a> f\u00fcr Kinder und Erwachsene u.a. mit Begleitung durch Klangschalen, Autogenes Training, Progressive Muskelentspannung nach Jacobson <\/li>\n\n\n\n<li>Training zur Emotionsregulation (Training emotionaler Kompetenzen nach Berking) und Stressbew\u00e4ltigung<\/li>\n\n\n\n<li><a data-type=\"URL\" data-id=\"https:\/\/anjakrafczyk.de\/wp-content\/uploads\/2022\/03\/Krafczyk_KOMKOM.pdf\" href=\"https:\/\/anjakrafczyk.de\/wp-content\/uploads\/2022\/03\/Krafczyk_KOMKOM.pdf\">Paarkommunikation<\/a> (KOMKOM) <\/li>\n\n\n\n<li><a href=\"https:\/\/anjakrafczyk.de\/?page_id=92\">Creative Bodywork<\/a> &#8211; K\u00f6rperarbeit &amp; freier Tanz als Selbstausdruck<\/li>\n<\/ul>\n\n\n\n<p>Dabei arbeite ich mit Privatpersonen und im beruflichen \/ Unternehmenskontext. <\/p>\n\n\n\n<p>Bei Interesse an meinem Angebote kontaktieren Sie mich gern <a href=\"https:\/\/anjakrafczyk.de\/?page_id=83\">(siehe Kontakt)<\/a>.<\/p>\n\n\n\n<p>Angebote sind auch als Onlineangebote nutzbar.<\/p>\n\n\n\n<p><\/p>\n","protected":false},"excerpt":{"rendered":"<p>Psychologisch | Systemische Beratung, Coaching, Supervision &amp; Training Grundst\u00e4ndig ausgebildet in Psychologie und Betriebswirtschaftslehre, besch\u00e4ftige ich mich seit vielen Jahren mit Pr\u00e4vention, psychischer und physischer Gesundheitsf\u00f6rderung, Psychosomatik und K\u00f6rperarbeit, sowie mit verschiedenen Beratungs- und Therapieformen, u.a. systemische Ans\u00e4tze und aus Tanztherapie und Kunsttherapie. Zudem habe ich Erfahrungen in den Bereichen Bildungspsychologie und Hochschuldidaktik, Arbeits- und [&hellip;]<\/p>\n","protected":false},"author":1,"featured_media":0,"parent":0,"menu_order":0,"comment_status":"closed","ping_status":"open","template":"","meta":{"footnotes":""},"class_list":["post-5","page","type-page","status-publish","hentry"],"_links":{"self":[{"href":"https:\/\/anjakrafczyk.de\/index.php?rest_route=\/wp\/v2\/pages\/5","targetHints":{"allow":["GET"]}}],"collection":[{"href":"https:\/\/anjakrafczyk.de\/index.php?rest_route=\/wp\/v2\/pages"}],"about":[{"href":"https:\/\/anjakrafczyk.de\/index.php?rest_route=\/wp\/v2\/types\/page"}],"author":[{"embeddable":true,"href":"https:\/\/anjakrafczyk.de\/index.php?rest_route=\/wp\/v2\/users\/1"}],"replies":[{"embeddable":true,"href":"https:\/\/anjakrafczyk.de\/index.php?rest_route=%2Fwp%2Fv2%2Fcomments&post=5"}],"version-history":[{"count":29,"href":"https:\/\/anjakrafczyk.de\/index.php?rest_route=\/wp\/v2\/pages\/5\/revisions"}],"predecessor-version":[{"id":388,"href":"https:\/\/anjakrafczyk.de\/index.php?rest_route=\/wp\/v2\/pages\/5\/revisions\/388"}],"wp:attachment":[{"href":"https:\/\/anjakrafczyk.de\/index.php?rest_route=%2Fwp%2Fv2%2Fmedia&parent=5"}],"curies":[{"name":"wp","href":"https:\/\/api.w.org\/{rel}","templated":true}]}}