{"id":108,"date":"2020-07-15T22:01:44","date_gmt":"2020-07-15T22:01:44","guid":{"rendered":"https:\/\/anjakrafczyk.de\/?page_id=108"},"modified":"2020-07-15T22:01:45","modified_gmt":"2020-07-15T22:01:45","slug":"datenschutz","status":"publish","type":"page","link":"https:\/\/anjakrafczyk.de\/?page_id=108","title":{"rendered":"Datenschutz"},"content":{"rendered":"\n<h1 class=\"wp-block-heading\">Datenschutzerkl\u00e4rung<\/h1>\n\n\n\n<p>Datenschutzerkl\u00e4rung<br><br><br>Sofern auf meiner Seite f\u00fcr bestimmte Nutzungen pers\u00f6nliche Daten von Nutzern erfasst werden, garantiere ich hiermit, dass ich diese nur zu dem Zweck der jeweiligen Angaben verwende. So werde ich pers\u00f6nliche Daten nicht speichern und zu anderen Zwecken verwenden, ohne R\u00fccksprache mit den jeweiligen Personen zu halten. Inwieweit der Provider dieser Website oder Dritte unrechtm\u00e4\u00dfig Daten einsehen oder erfassen, entzieht sich meiner Kenntnis, ich bitte daher alle Nutzer, selbst zu entscheiden, inwieweit sie Daten auf meiner Seite (Kontaktaufnahme, Blog, etc.) preisgeben.<br><br>Weitere rechtliche Hinweise siehe Impressum.<\/p>\n\n\n\n<h2 class=\"wp-block-heading\">reCAPTCHA<\/h2>\n\n\n\n<p>Zum Schutz Ihrer Anfragen per Internetformular verwenden wir den Dienst reCAPTCHA des Unternehmens Google LLC (Google). Die Abfrage dient der Unterscheidung, ob die Eingabe durch einen Menschen oder missbr\u00e4uchlich durch automatisierte, maschinelle Verarbeitung erfolgt. Die Abfrage schlie\u00dft den Versand der IP-Adresse und ggf. weiterer von Google f\u00fcr den Dienst reCAPTCHA ben\u00f6tigter Daten an Google ein. Zu diesem Zweck wird Ihre Eingabe an Google \u00fcbermittelt und dort weiter verwendet. Ihre IP-Adresse wird von Google jedoch innerhalb von Mitgliedstaaten der Europ\u00e4ischen Union oder in anderen Vertragsstaaten des Abkommens \u00fcber den Europ\u00e4ischen Wirtschaftsraum zuvor gek\u00fcrzt. Nur in Ausnahmef\u00e4llen wird die volle IP-Adresse an einen Server von Google in den USA \u00fcbertragen und dort gek\u00fcrzt. Im Auftrag des Betreibers dieser Website wird Google diese Informationen benutzen, um Ihre Nutzung dieses Dienstes auszuwerten. Die im Rahmen von reCaptcha von Ihrem Browser \u00fcbermittelte IP-Adresse wird nicht mit anderen Daten von Google zusammengef\u00fchrt. F\u00fcr diese Daten gelten die abweichenden Datenschutzbestimmungen des Unternehmens Google. Weitere Informationen zu den Datenschutzrichtlinien von Google finden Sie unter: <a href=\"https:\/\/policies.google.com\/privacy?hl=de\" target=\"_blank\" rel=\"noreferrer noopener\">https:\/\/policies.google.com\/privacy?hl=de<\/a><\/p>\n","protected":false},"excerpt":{"rendered":"<p>Datenschutzerkl\u00e4rung Datenschutzerkl\u00e4rung Sofern auf meiner Seite f\u00fcr bestimmte Nutzungen pers\u00f6nliche Daten von Nutzern erfasst werden, garantiere ich hiermit, dass ich diese nur zu dem Zweck der jeweiligen Angaben verwende. So werde ich pers\u00f6nliche Daten nicht speichern und zu anderen Zwecken verwenden, ohne R\u00fccksprache mit den jeweiligen Personen zu halten. Inwieweit der Provider dieser Website oder [&hellip;]<\/p>\n","protected":false},"author":1,"featured_media":0,"parent":0,"menu_order":0,"comment_status":"closed","ping_status":"closed","template":"","meta":{"footnotes":""},"class_list":["post-108","page","type-page","status-publish","hentry"],"_links":{"self":[{"href":"https:\/\/anjakrafczyk.de\/index.php?rest_route=\/wp\/v2\/pages\/108","targetHints":{"allow":["GET"]}}],"collection":[{"href":"https:\/\/anjakrafczyk.de\/index.php?rest_route=\/wp\/v2\/pages"}],"about":[{"href":"https:\/\/anjakrafczyk.de\/index.php?rest_route=\/wp\/v2\/types\/page"}],"author":[{"embeddable":true,"href":"https:\/\/anjakrafczyk.de\/index.php?rest_route=\/wp\/v2\/users\/1"}],"replies":[{"embeddable":true,"href":"https:\/\/anjakrafczyk.de\/index.php?rest_route=%2Fwp%2Fv2%2Fcomments&post=108"}],"version-history":[{"count":2,"href":"https:\/\/anjakrafczyk.de\/index.php?rest_route=\/wp\/v2\/pages\/108\/revisions"}],"predecessor-version":[{"id":110,"href":"https:\/\/anjakrafczyk.de\/index.php?rest_route=\/wp\/v2\/pages\/108\/revisions\/110"}],"wp:attachment":[{"href":"https:\/\/anjakrafczyk.de\/index.php?rest_route=%2Fwp%2Fv2%2Fmedia&parent=108"}],"curies":[{"name":"wp","href":"https:\/\/api.w.org\/{rel}","templated":true}]}}