{"id":104,"date":"2020-07-15T22:00:04","date_gmt":"2020-07-15T22:00:04","guid":{"rendered":"https:\/\/anjakrafczyk.de\/?page_id=104"},"modified":"2020-07-16T23:23:11","modified_gmt":"2020-07-16T23:23:11","slug":"impressum","status":"publish","type":"page","link":"https:\/\/anjakrafczyk.de\/?page_id=104","title":{"rendered":"Impressum"},"content":{"rendered":"\n<p><strong>Impressum:<\/strong><\/p>\n\n\n\n<p>Diese private Webseite wurde \u00fcber WordPress erstellt und unterliegt dem copyright von:<\/p>\n\n\n\n<p>Anja Krafczyk<\/p>\n\n\n\n<p>Verantwortlich f\u00fcr den Inhalt nach \u00a7 10 MDStV:<br>Anja Krafczyk<br>c\/o Yogazentrum Zwickau<br>Hauptmarkt 14<br>08056 Zwickau<br>Tel.: 0375 \/ 2837170<br>info (at) anjakrafczyk.de <\/p>\n\n\n\n<p><strong>Haftung f\u00fcr Inhalte:<\/strong><br>Die Inhalte unserer Seiten wurden mit gr\u00f6\u00dfter Sorgfalt erstellt. F\u00fcr die Richtigkeit, Vollst\u00e4ndigkeit und Aktualit\u00e4t der Inhalte k\u00f6nnen wir jedoch keine Gew\u00e4hr \u00fcbernehmen. Als Diensteanbieter sind wir gem\u00e4\u00df \u00a7 6 Abs.1 MDStV und \u00a7 8 Abs.1 TDG f\u00fcr eigene Inhalte auf diesen Seiten nach den allgemeinen Gesetzen verantwortlich. Diensteanbieter sind jedoch nicht verpflichtet, die von ihnen \u00fcbermittelten oder gespeicherten fremden Informationen zu \u00fcberwachen oder nach Umst\u00e4nden zu forschen, die auf eine rechtswidrige T\u00e4tigkeit hinweisen. Verpflichtungen zur Entfernung oder Sperrung der Nutzung von Informationen nach den allgemeinen Gesetzen bleiben hiervon unber\u00fchrt. Eine diesbez\u00fcgliche Haftung ist jedoch erst ab dem Zeitpunkt der Kenntnis einer konkreten Rechtsverletzung m\u00f6glich. Bei bekannt werden von entsprechenden Rechtsverletzungen werden wir diese Inhalte umgehend entfernen.<br>Haftung f\u00fcr Links<br>Unser Angebot enth\u00e4lt Links zu externen Webseiten Dritter, auf deren Inhalte wir keinen Einfluss haben. Deshalb k\u00f6nnen wir f\u00fcr diese fremden Inhalte auch keine Gew\u00e4hr \u00fcbernehmen. F\u00fcr die Inhalte der verlinkten Seiten ist stets der jeweilige Anbieter oder Betreiber der Seiten verantwortlich. Die verlinkten Seiten wurden zum Zeitpunkt der Verlinkung auf m\u00f6gliche Rechtsverst\u00f6\u00dfe \u00fcberpr\u00fcft. Rechtswidrige Inhalte waren zum Zeitpunkt der Verlinkung nicht erkennbar. Eine permanente inhaltliche Kontrolle der verlinkten Seiten ist jedoch ohne konkrete Anhaltspunkte einer Rechtsverletzung nicht zumutbar. Bei bekannt werden von Rechtsverletzungen werden wir derartige Links umgehend entfernen.<br>Urheberrecht<br>Die Betreiber der Seiten sind bem\u00fcht, stets die Urheberrechte anderer zu beachten bzw. auf selbst erstellte sowie lizenzfreie Werke zur\u00fcckzugreifen. Die durch die Seitenbetreiber erstellten Inhalte und Werke auf diesen Seiten unterliegen dem deutschen Urheberrecht. Beitr\u00e4ge Dritter sind als solche gekennzeichnet. Die Vervielf\u00e4ltigung, Bearbeitung, Verbreitung und jede Art der Verwertung au\u00dferhalb der Grenzen des Urheberrechtes bed\u00fcrfen der schriftlichen Zustimmung des jeweiligen Autors bzw. Erstellers. Downloads und Kopien dieser Seite sind nur f\u00fcr den privaten, nicht kommerziellen Gebrauch gestattet.<br>Datenschutz<br>Soweit auf unseren Seiten personenbezogene Daten (beispielsweise Name, Anschrift oder eMail-Adressen) erhoben werden, erfolgt dies soweit m\u00f6glich stets auf freiwilliger Basis. Die Nutzung der Angebote und Dienste ist, soweit m\u00f6glich, stets ohne Angabe personenbezogener Daten m\u00f6glich. Der Nutzung von, im Rahmen der Impressumspflicht ver\u00f6ffentlichten, Kontaktdaten durch Dritte zur \u00dcbersendung von nicht ausdr\u00fccklich angeforderter Werbung und Informationsmaterialien wird hiermit ausdr\u00fccklich widersprochen. Die Betreiber der Seiten behalten sich ausdr\u00fccklich rechtliche Schritte im Falle der unverlangten Zusendung von Werbeinformationen, etwa durch Spam-Mails, vor.<br>Quelle: Disclaimer von S\u00f6ren Siebert \u2013 Rechtsanwalt Internetrecht<\/p>\n\n\n\n<p><strong>Weitere Hinweise:<\/strong><\/p>\n\n\n\n<p><em>Bildmaterial:<\/em><br>Alle Bilder\/Fotos dieser Website stammen von mir (au\u00dfer im Layout von jimdo frei zur Verf\u00fcgung gestellte Bilder). Die Rechte an diesen Fotos behalte ich mir vor. Jegliche Verwendung meine Fotos, sowie der Download dieser, wird von mir untersagt. Sofern Sie Fotos von mir verwenden m\u00f6chten, nehmen Sie gern Kontakt zu mir auf.<\/p>\n\n\n\n<p>Fotos anderer Personen werde ich mit entsprechenden Hinweisen versehen.<\/p>\n\n\n\n<p><em>Texte:<\/em><\/p>\n\n\n\n<p>Auch an allen hier eingestellten und von mir pers\u00f6nlich verfassten Texte behalte ich mir alle Rechte vor. Eine Verwendung darf nur nach R\u00fccksprache und mit Quellen-\/Autorenangabe erfolgen. Jegliche Textinhalte meiner Seite unterliegen meiner freien Meinung und erheben keinen Anspruch auf Richtigkeit.<\/p>\n\n\n\n<p><em>Erhobene Daten:<\/em><\/p>\n\n\n\n<p>Sofern auf meiner Seite f\u00fcr bestimmte Nutzungen pers\u00f6nliche Daten von Nutzern erfasst werden, garantiere ich hiermit, dass ich diese nur zu dem Zweck der jeweiligen Angaben verwende. So werde ich pers\u00f6nliche Daten nicht speichern und zu anderen Zwecken verwenden, ohne R\u00fccksprache mit den jeweiligen Personen zu halten. Inwieweit der Provider dieser Website oder Dritte unrechtm\u00e4\u00dfig Daten einsehen oder erfassen, entzieht sich meiner Kenntnis, ich bitte daher alle Nutzer, selbst zu entscheiden, inwieweit sie Daten auf meiner Seite (Kontaktaufnahme, Blog, etc.) preisgeben.<\/p>\n","protected":false},"excerpt":{"rendered":"<p>Impressum: Diese private Webseite wurde \u00fcber WordPress erstellt und unterliegt dem copyright von: Anja Krafczyk Verantwortlich f\u00fcr den Inhalt nach \u00a7 10 MDStV:Anja Krafczykc\/o Yogazentrum ZwickauHauptmarkt 1408056 ZwickauTel.: 0375 \/ 2837170info (at) anjakrafczyk.de Haftung f\u00fcr Inhalte:Die Inhalte unserer Seiten wurden mit gr\u00f6\u00dfter Sorgfalt erstellt. F\u00fcr die Richtigkeit, Vollst\u00e4ndigkeit und Aktualit\u00e4t der Inhalte k\u00f6nnen wir jedoch [&hellip;]<\/p>\n","protected":false},"author":1,"featured_media":0,"parent":0,"menu_order":0,"comment_status":"closed","ping_status":"closed","template":"","meta":{"footnotes":""},"class_list":["post-104","page","type-page","status-publish","hentry"],"_links":{"self":[{"href":"https:\/\/anjakrafczyk.de\/index.php?rest_route=\/wp\/v2\/pages\/104","targetHints":{"allow":["GET"]}}],"collection":[{"href":"https:\/\/anjakrafczyk.de\/index.php?rest_route=\/wp\/v2\/pages"}],"about":[{"href":"https:\/\/anjakrafczyk.de\/index.php?rest_route=\/wp\/v2\/types\/page"}],"author":[{"embeddable":true,"href":"https:\/\/anjakrafczyk.de\/index.php?rest_route=\/wp\/v2\/users\/1"}],"replies":[{"embeddable":true,"href":"https:\/\/anjakrafczyk.de\/index.php?rest_route=%2Fwp%2Fv2%2Fcomments&post=104"}],"version-history":[{"count":6,"href":"https:\/\/anjakrafczyk.de\/index.php?rest_route=\/wp\/v2\/pages\/104\/revisions"}],"predecessor-version":[{"id":136,"href":"https:\/\/anjakrafczyk.de\/index.php?rest_route=\/wp\/v2\/pages\/104\/revisions\/136"}],"wp:attachment":[{"href":"https:\/\/anjakrafczyk.de\/index.php?rest_route=%2Fwp%2Fv2%2Fmedia&parent=104"}],"curies":[{"name":"wp","href":"https:\/\/api.w.org\/{rel}","templated":true}]}}